{"id":25,"date":"2025-09-11T01:12:58","date_gmt":"2025-09-11T01:12:58","guid":{"rendered":"http:\/\/ewjirds.cluster100.hosting.ovh.net\/?page_id=25"},"modified":"2025-09-14T00:53:43","modified_gmt":"2025-09-14T00:53:43","slug":"organisateurs-et-partenaires","status":"publish","type":"page","link":"http:\/\/ewjirds.cluster100.hosting.ovh.net\/index.php\/organisateurs-et-partenaires\/","title":{"rendered":"Organisateurs"},"content":{"rendered":"\n<p><strong><mark style=\"background-color:rgba(0, 0, 0, 0);color:#009986\" class=\"has-inline-color\">Les Organisateurs du concours<\/mark><\/strong><\/p>\n\n\n\n<p>Dans la continuit\u00e9 du Concours scolaire du Petit Journal du Patrimoine initi\u00e9 par la FNASSEM (Patrimoine-Environnement) en 2006, la <strong>F\u00e9d\u00e9ration Patrimoine-Environnement<\/strong> (issue de la fusion de la FNASSEM et de la LUR) <strong>s\u2019associe \u00e0 l\u2019Union REMPART pour proposer un concours national de d\u00e9couverte du patrimoine et de l\u2019environnement aux classes allant de la 5\u00e8me \u00e0 la Terminale. <\/strong><\/p>\n\n\n\n<p>Depuis 2011, le concours scolaire du Petit Journal du Patrimoine b\u00e9n\u00e9ficie de l\u2019agr\u00e9ment du minist\u00e8re de l\u2019\u00c9ducation nationale, en reconnaissance de son int\u00e9r\u00eat p\u00e9dagogique. L\u2019union REMPART b\u00e9n\u00e9ficie quant \u00e0 elle depuis 1982 de l\u2019agr\u00e9ment Jeunesse et \u00c9ducation Populaire, octroy\u00e9 la m\u00eame ann\u00e9e que la reconnaissance d\u2019utilit\u00e9 publique de l\u2019association.<\/p>\n\n\n\n<div class=\"wp-block-columns is-layout-flex wp-container-core-columns-is-layout-9d6595d7 wp-block-columns-is-layout-flex\">\n<div class=\"wp-block-column is-layout-flow wp-block-column-is-layout-flow\">\n<p class=\"has-text-align-center\"><strong>F\u00e9d\u00e9ration Patrimoine Environnement<\/strong><\/p>\n\n\n\n<figure class=\"wp-block-image size-large\"><img loading=\"lazy\" decoding=\"async\" width=\"1024\" height=\"301\" src=\"http:\/\/ewjirds.cluster100.hosting.ovh.net\/wp-content\/uploads\/2025\/09\/logo-FPE-1024x301.png\" alt=\"\" class=\"wp-image-173\" srcset=\"http:\/\/ewjirds.cluster100.hosting.ovh.net\/wp-content\/uploads\/2025\/09\/logo-FPE-1024x301.png 1024w, http:\/\/ewjirds.cluster100.hosting.ovh.net\/wp-content\/uploads\/2025\/09\/logo-FPE-300x88.png 300w, http:\/\/ewjirds.cluster100.hosting.ovh.net\/wp-content\/uploads\/2025\/09\/logo-FPE-768x226.png 768w, http:\/\/ewjirds.cluster100.hosting.ovh.net\/wp-content\/uploads\/2025\/09\/logo-FPE-1536x451.png 1536w, http:\/\/ewjirds.cluster100.hosting.ovh.net\/wp-content\/uploads\/2025\/09\/logo-FPE.png 1838w\" sizes=\"auto, (max-width: 1024px) 100vw, 1024px\" \/><\/figure>\n\n\n\n<p><\/p>\n\n\n\n<p>Association nationale reconnue d\u2019utilit\u00e9 publique, agr\u00e9\u00e9e par le Minist\u00e8re charg\u00e9 de l\u2019\u00c9cologie, la F\u00e9d\u00e9ration Patrimoine-Environnement r\u00e9unit adh\u00e9rents individuels, associatifs et collectivit\u00e9s au sein d\u2019un r\u00e9seau de plus de 1000 membres.<\/p>\n\n\n\n<p><br>Patrimoine-Environnement milite pour le d\u00e9veloppement durable, la protection et la mise en valeur de l\u2019environnement, du patrimoine arch\u00e9ologique, architectural et touristique, et l\u2019am\u00e9lioration du cadre de vie.\u00a0<\/p>\n\n\n\n<p><a href=\"https:\/\/www.patrimoine-environnement.fr\/\">www.patrimoine-environnement.fr\/<\/a><\/p>\n<\/div>\n\n\n\n<div class=\"wp-block-column is-layout-flow wp-block-column-is-layout-flow\">\n<p class=\"has-text-align-center\"><strong>Union REMPART<\/strong><\/p>\n\n\n<div class=\"wp-block-image\">\n<figure class=\"aligncenter size-large is-resized\"><img loading=\"lazy\" decoding=\"async\" width=\"1024\" height=\"478\" src=\"http:\/\/ewjirds.cluster100.hosting.ovh.net\/wp-content\/uploads\/2025\/09\/LOGO_ROUGE_REMPART-1-1024x478.png\" alt=\"\" class=\"wp-image-130\" style=\"width:293px;height:auto\" srcset=\"http:\/\/ewjirds.cluster100.hosting.ovh.net\/wp-content\/uploads\/2025\/09\/LOGO_ROUGE_REMPART-1-1024x478.png 1024w, http:\/\/ewjirds.cluster100.hosting.ovh.net\/wp-content\/uploads\/2025\/09\/LOGO_ROUGE_REMPART-1-300x140.png 300w, http:\/\/ewjirds.cluster100.hosting.ovh.net\/wp-content\/uploads\/2025\/09\/LOGO_ROUGE_REMPART-1-768x359.png 768w, http:\/\/ewjirds.cluster100.hosting.ovh.net\/wp-content\/uploads\/2025\/09\/LOGO_ROUGE_REMPART-1.png 1128w\" sizes=\"auto, (max-width: 1024px) 100vw, 1024px\" \/><\/figure>\n<\/div>\n\n\n<p>REMPART con\u00e7oit\u00a0le patrimoine comme un trait d\u2019union\u00a0entre les individus\u00a0pour construire ensemble un\u00a0avenir durable et solidaire.La mission de l\u2019Union REMPART est de\u00a0restaurer, mettre en valeur et transmettre le patrimoine, gr\u00e2ce \u00e0 son\u00a0r\u00e9seau d\u2019associations membres et de partenaires internationaux.<\/p>\n\n\n\n<p>Depuis sa cr\u00e9ation, l&rsquo;Union REMPART a restaur\u00e9 plus de 1 000 sites et est aujourd&rsquo;hui compos\u00e9e de 200 associations qui accueillent chaque ann\u00e9e 25 000 scolaires.<\/p>\n\n\n\n<p><a href=\"https:\/\/www.rempart.com\/fr\">www.rempart.com\/fr<\/a><\/p>\n<\/div>\n<\/div>\n","protected":false},"excerpt":{"rendered":"<p>Les Organisateurs du concours Dans la continuit\u00e9 du Concours scolaire du Petit Journal du Patrimoine initi\u00e9 par la FNASSEM (Patrimoine-Environnement) en 2006, la F\u00e9d\u00e9ration Patrimoine-Environnement (issue de la fusion de&hellip;<\/p>\n","protected":false},"author":1,"featured_media":0,"parent":0,"menu_order":0,"comment_status":"closed","ping_status":"closed","template":"","meta":{"footnotes":""},"class_list":["post-25","page","type-page","status-publish","hentry"],"_links":{"self":[{"href":"http:\/\/ewjirds.cluster100.hosting.ovh.net\/index.php\/wp-json\/wp\/v2\/pages\/25","targetHints":{"allow":["GET"]}}],"collection":[{"href":"http:\/\/ewjirds.cluster100.hosting.ovh.net\/index.php\/wp-json\/wp\/v2\/pages"}],"about":[{"href":"http:\/\/ewjirds.cluster100.hosting.ovh.net\/index.php\/wp-json\/wp\/v2\/types\/page"}],"author":[{"embeddable":true,"href":"http:\/\/ewjirds.cluster100.hosting.ovh.net\/index.php\/wp-json\/wp\/v2\/users\/1"}],"replies":[{"embeddable":true,"href":"http:\/\/ewjirds.cluster100.hosting.ovh.net\/index.php\/wp-json\/wp\/v2\/comments?post=25"}],"version-history":[{"count":8,"href":"http:\/\/ewjirds.cluster100.hosting.ovh.net\/index.php\/wp-json\/wp\/v2\/pages\/25\/revisions"}],"predecessor-version":[{"id":176,"href":"http:\/\/ewjirds.cluster100.hosting.ovh.net\/index.php\/wp-json\/wp\/v2\/pages\/25\/revisions\/176"}],"wp:attachment":[{"href":"http:\/\/ewjirds.cluster100.hosting.ovh.net\/index.php\/wp-json\/wp\/v2\/media?parent=25"}],"curies":[{"name":"wp","href":"https:\/\/api.w.org\/{rel}","templated":true}]}}