{"id":205,"date":"2025-09-14T02:07:35","date_gmt":"2025-09-14T02:07:35","guid":{"rendered":"http:\/\/ewjirds.cluster100.hosting.ovh.net\/?page_id=205"},"modified":"2025-12-10T23:26:43","modified_gmt":"2025-12-10T23:26:43","slug":"2025-2","status":"publish","type":"page","link":"http:\/\/ewjirds.cluster100.hosting.ovh.net\/index.php\/2025-2\/","title":{"rendered":"2025"},"content":{"rendered":"\n<p><strong><mark style=\"background-color:rgba(0, 0, 0, 0);color:#009986\" class=\"has-inline-color\">Laur\u00e9ats de l\u2019\u00e9dition 2024-202<\/mark><\/strong>5<\/p>\n\n\n\n<p>Le jury, tenu le 2 juin 2025, est compos\u00e9 de membres de la F\u00e9d\u00e9ration Patrimoine-Environnement : Kl\u00e9ber Rossillon, pr\u00e9sident d\u2019honneur de Patrimoine-Environnement, Julie Refour, Coordinatrice, Kharla Sita, Charg\u00e9e de communication, de membres de l\u2019Union REMPART : Ad\u00e8le Relouzat, charg\u00e9e de communication et responsable de la commission p\u00e9dagogie, \u00c9milie Chr\u00e9tien, volontaire en service civique, de Justine Ferjoux pour les \u00c9ditions Faton et de Sarah Akacha, Conseill\u00e8re Arts et patrimoine, minist\u00e8re de l\u2019\u00c9ducation nationale et de la Jeunesse.<\/p>\n\n\n\n<p>Le jury remercie et f\u00e9licite tous les participants de cette deuxi\u00e8me \u00e9dition !<\/p>\n\n\n\n<p><strong><mark style=\"background-color:rgba(0, 0, 0, 0);color:#009986\" class=\"has-inline-color\"><strong>Cat\u00e9gorie Reporter du patrimoine<\/strong><\/mark><\/strong><\/p>\n\n\n\n<p>Prix Kl\u00e9ber Rossillon<\/p>\n\n\n\n<p><strong><em>Pass\u00e9 riche, futur audacieux, le Beffroi de Bergues,&nbsp;<\/em>article&nbsp;des&nbsp;\u00e9l\u00e8ves de 5\u00e8me du Coll\u00e8ge Cobergher de Bergues<\/strong><\/p>\n\n\n\n<div data-wp-interactive=\"core\/file\" class=\"wp-block-file\"><object data-wp-bind--hidden=\"!state.hasPdfPreview\" hidden class=\"wp-block-file__embed\" data=\"http:\/\/ewjirds.cluster100.hosting.ovh.net\/wp-content\/uploads\/2025\/09\/Article-ID-Patrimoine-1er-prix-kleber-rossillon.pdf\" type=\"application\/pdf\" style=\"width:100%;height:600px\" aria-label=\"Contenu embarqu\u00e9 Article-ID-Patrimoine-1er-prix-kleber-rossillon.\"><\/object><a id=\"wp-block-file--media-e8a2202b-71cb-49a9-a671-77931d3e72cd\" href=\"http:\/\/ewjirds.cluster100.hosting.ovh.net\/wp-content\/uploads\/2025\/09\/Article-ID-Patrimoine-1er-prix-kleber-rossillon.pdf\">Article-ID-Patrimoine-1er-prix-kleber-rossillon<\/a><a href=\"http:\/\/ewjirds.cluster100.hosting.ovh.net\/wp-content\/uploads\/2025\/09\/Article-ID-Patrimoine-1er-prix-kleber-rossillon.pdf\" class=\"wp-block-file__button wp-element-button\" download aria-describedby=\"wp-block-file--media-e8a2202b-71cb-49a9-a671-77931d3e72cd\">T\u00e9l\u00e9charger<\/a><\/div>\n\n\n\n<p>Prix Faton<\/p>\n\n\n\n<p><strong><em>Sousse : de l\u2019histoire \u00e0 l\u2019avenir, les tr\u00e9sors d\u2019un patrimoine vivant<\/em>, article des \u00e9l\u00e8ves de 5\u00e8me du Lyc\u00e9e Fran\u00e7ais International Mhamed Driss \u00e0 Sousse<\/strong><\/p>\n\n\n\n<div data-wp-interactive=\"core\/file\" class=\"wp-block-file\"><object data-wp-bind--hidden=\"!state.hasPdfPreview\" hidden class=\"wp-block-file__embed\" data=\"http:\/\/ewjirds.cluster100.hosting.ovh.net\/wp-content\/uploads\/2025\/09\/Concours-5A-Lycee-francais-international-de-Sousse-Tunisie-ID-Patrimoine.pdf\" type=\"application\/pdf\" style=\"width:100%;height:600px\" aria-label=\"Contenu embarqu\u00e9 Concours-5A-Lycee-fran\u00e7ais-international-de-Sousse-Tunisie-ID-Patrimoine.\"><\/object><a id=\"wp-block-file--media-426b0e93-0428-4c19-aea9-2c6a7c7b9763\" href=\"http:\/\/ewjirds.cluster100.hosting.ovh.net\/wp-content\/uploads\/2025\/09\/Concours-5A-Lycee-francais-international-de-Sousse-Tunisie-ID-Patrimoine.pdf\">Concours-5A-Lycee-fran\u00e7ais-international-de-Sousse-Tunisie-ID-Patrimoine<\/a><a href=\"http:\/\/ewjirds.cluster100.hosting.ovh.net\/wp-content\/uploads\/2025\/09\/Concours-5A-Lycee-francais-international-de-Sousse-Tunisie-ID-Patrimoine.pdf\" class=\"wp-block-file__button wp-element-button\" download aria-describedby=\"wp-block-file--media-426b0e93-0428-4c19-aea9-2c6a7c7b9763\">T\u00e9l\u00e9charger<\/a><\/div>\n\n\n\n<p><strong><mark style=\"background-color:rgba(0, 0, 0, 0);color:#009986\" class=\"has-inline-color\"><strong>Cat\u00e9gorie Missions Patrimoine<\/strong><\/mark><\/strong><\/p>\n\n\n\n<p>Prix REMPART<\/p>\n\n\n\n<p><strong><em>U CASTEDDU DI CUCURUZZU<\/em>, article des \u00e9l\u00e8ves de seconde du Lyc\u00e9e Jean-Paul de Rocca Serra de Porto-Vecchio<\/strong><\/p>\n\n\n\n<div data-wp-interactive=\"core\/file\" class=\"wp-block-file\"><object data-wp-bind--hidden=\"!state.hasPdfPreview\" hidden class=\"wp-block-file__embed\" data=\"http:\/\/ewjirds.cluster100.hosting.ovh.net\/wp-content\/uploads\/2025\/09\/PROJET-ID-PATRIMOINE-U-CASTEDDU-DI-CUCURUZZU.pdf\" type=\"application\/pdf\" style=\"width:100%;height:600px\" aria-label=\"Contenu embarqu\u00e9 PROJET-ID-PATRIMOINE-U CASTEDDU DI CUCURUZZU.\"><\/object><a id=\"wp-block-file--media-96332704-622a-47ee-b033-9a41084517ae\" href=\"http:\/\/ewjirds.cluster100.hosting.ovh.net\/wp-content\/uploads\/2025\/09\/PROJET-ID-PATRIMOINE-U-CASTEDDU-DI-CUCURUZZU.pdf\">PROJET-ID-PATRIMOINE-U CASTEDDU DI CUCURUZZU<\/a><a href=\"http:\/\/ewjirds.cluster100.hosting.ovh.net\/wp-content\/uploads\/2025\/09\/PROJET-ID-PATRIMOINE-U-CASTEDDU-DI-CUCURUZZU.pdf\" class=\"wp-block-file__button wp-element-button\" download aria-describedby=\"wp-block-file--media-96332704-622a-47ee-b033-9a41084517ae\">T\u00e9l\u00e9charger<\/a><\/div>\n\n\n\n<p>Prix d\u2019encouragement&nbsp;REMPART<\/p>\n\n\n\n<p><strong><em>Thionville dans le d\u00e9veloppement durable depuis l\u2019Annexion \u2013 Urbanisme et historicismes<\/em>, article des \u00e9l\u00e8ves de premi\u00e8re du Lyc\u00e9e Charlemagne de Thionville<\/strong><\/p>\n\n\n\n<div data-wp-interactive=\"core\/file\" class=\"wp-block-file\"><object data-wp-bind--hidden=\"!state.hasPdfPreview\" hidden class=\"wp-block-file__embed\" data=\"http:\/\/ewjirds.cluster100.hosting.ovh.net\/wp-content\/uploads\/2025\/09\/Dossier_Thionville.pdf\" type=\"application\/pdf\" style=\"width:100%;height:600px\" aria-label=\"Contenu embarqu\u00e9 Dossier_Thionville.\"><\/object><a id=\"wp-block-file--media-a5a680a2-4d5a-43cf-9f1a-b7b092799560\" href=\"http:\/\/ewjirds.cluster100.hosting.ovh.net\/wp-content\/uploads\/2025\/09\/Dossier_Thionville.pdf\">Dossier_Thionville<\/a><a href=\"http:\/\/ewjirds.cluster100.hosting.ovh.net\/wp-content\/uploads\/2025\/09\/Dossier_Thionville.pdf\" class=\"wp-block-file__button wp-element-button\" download aria-describedby=\"wp-block-file--media-a5a680a2-4d5a-43cf-9f1a-b7b092799560\">T\u00e9l\u00e9charger<\/a><\/div>\n","protected":false},"excerpt":{"rendered":"<p>Laur\u00e9ats de l\u2019\u00e9dition 2024-2025 Le jury, tenu le 2 juin 2025, est compos\u00e9 de membres de la F\u00e9d\u00e9ration Patrimoine-Environnement : Kl\u00e9ber Rossillon, pr\u00e9sident d\u2019honneur de Patrimoine-Environnement, Julie Refour, Coordinatrice, Kharla&hellip;<\/p>\n","protected":false},"author":1,"featured_media":0,"parent":0,"menu_order":0,"comment_status":"closed","ping_status":"closed","template":"","meta":{"footnotes":""},"class_list":["post-205","page","type-page","status-publish","hentry"],"_links":{"self":[{"href":"http:\/\/ewjirds.cluster100.hosting.ovh.net\/index.php\/wp-json\/wp\/v2\/pages\/205","targetHints":{"allow":["GET"]}}],"collection":[{"href":"http:\/\/ewjirds.cluster100.hosting.ovh.net\/index.php\/wp-json\/wp\/v2\/pages"}],"about":[{"href":"http:\/\/ewjirds.cluster100.hosting.ovh.net\/index.php\/wp-json\/wp\/v2\/types\/page"}],"author":[{"embeddable":true,"href":"http:\/\/ewjirds.cluster100.hosting.ovh.net\/index.php\/wp-json\/wp\/v2\/users\/1"}],"replies":[{"embeddable":true,"href":"http:\/\/ewjirds.cluster100.hosting.ovh.net\/index.php\/wp-json\/wp\/v2\/comments?post=205"}],"version-history":[{"count":9,"href":"http:\/\/ewjirds.cluster100.hosting.ovh.net\/index.php\/wp-json\/wp\/v2\/pages\/205\/revisions"}],"predecessor-version":[{"id":241,"href":"http:\/\/ewjirds.cluster100.hosting.ovh.net\/index.php\/wp-json\/wp\/v2\/pages\/205\/revisions\/241"}],"wp:attachment":[{"href":"http:\/\/ewjirds.cluster100.hosting.ovh.net\/index.php\/wp-json\/wp\/v2\/media?parent=205"}],"curies":[{"name":"wp","href":"https:\/\/api.w.org\/{rel}","templated":true}]}}