{"id":123,"date":"2025-09-11T07:06:29","date_gmt":"2025-09-11T07:06:29","guid":{"rendered":"http:\/\/ewjirds.cluster100.hosting.ovh.net\/?page_id=123"},"modified":"2025-09-14T02:22:30","modified_gmt":"2025-09-14T02:22:30","slug":"deposer-mon-projet","status":"publish","type":"page","link":"http:\/\/ewjirds.cluster100.hosting.ovh.net\/index.php\/deposer-mon-projet\/","title":{"rendered":"D\u00e9poser mon projet"},"content":{"rendered":"\n<p><strong><mark style=\"background-color:rgba(0, 0, 0, 0);color:#009986\" class=\"has-inline-color\">Les derni\u00e8res v\u00e9rifications avant envoi<\/mark><\/strong><\/p>\n\n\n\n<p>Avant d&rsquo;envoyer mon dossier, je m&rsquo;assure : <\/p>\n\n\n\n<p>1 &#8211; <strong>qu&rsquo;il est enregistr\u00e9 selon la nomenclature suivante :<\/strong> <strong>Etablissement_classe<\/strong><\/p>\n\n\n\n<p>(soit par exemple&nbsp;: JulesFerry_5A ou OlympedeGouge_ClassePatrimoine)<\/p>\n\n\n\n<p>2 &#8211; <strong>qu&rsquo;il est au format PDF<\/strong><\/p>\n\n\n\n<p>S&rsquo;il est trop volumineux, je peux le compresser gratuitement avec le site : <a href=\"https:\/\/www.ilovepdf.com\/fr\/compresser_pdf\">https:\/\/www.ilovepdf.com\/fr\/compresser_pdf<\/a><\/p>\n\n\n\n<p>3 &#8211; <strong>d&rsquo;avoir rempli la fiche de renseignement et de l&rsquo;avoir nomm\u00e9e : Etablissement_classe<\/strong>_<strong>fiche<\/strong><\/p>\n\n\n\n<p>4 &#8211; <strong>j&rsquo;envoi mon projet et ma fiche \u00e0 <a href=\"mailto:concours@id-patrimoine.fr\">concours@id-patrimoine.fr<\/a><\/strong><\/p>\n\n\n\n<p>Si ma messagerie bloque l\u2019envoi de ces fichiers volumineux, je peux utiliser un service d&rsquo;\u00e9change de fichiers volumineux via internet, tel que : <a href=\"https:\/\/www.swisstransfer.com\/fr-fr\">https:\/\/www.swisstransfer.com\/fr-fr<\/a><\/p>\n\n\n\n<p>En cas de difficult\u00e9 pour l\u2019envoi, n\u2019h\u00e9sitez pas \u00e0 nous contacter par mail : <a href=\"mailto:concours@id-patrimoine.fr\" target=\"_blank\" rel=\"noreferrer noopener\">concours@id-patrimoine.fr<\/a><br><\/p>\n\n\n\n<figure class=\"wp-block-image size-large\"><img loading=\"lazy\" decoding=\"async\" width=\"1024\" height=\"501\" src=\"http:\/\/ewjirds.cluster100.hosting.ovh.net\/wp-content\/uploads\/2025\/09\/villandraut-chateau1-1024x501.jpg\" alt=\"\" class=\"wp-image-218\" srcset=\"http:\/\/ewjirds.cluster100.hosting.ovh.net\/wp-content\/uploads\/2025\/09\/villandraut-chateau1-1024x501.jpg 1024w, http:\/\/ewjirds.cluster100.hosting.ovh.net\/wp-content\/uploads\/2025\/09\/villandraut-chateau1-300x147.jpg 300w, http:\/\/ewjirds.cluster100.hosting.ovh.net\/wp-content\/uploads\/2025\/09\/villandraut-chateau1-768x376.jpg 768w, http:\/\/ewjirds.cluster100.hosting.ovh.net\/wp-content\/uploads\/2025\/09\/villandraut-chateau1-1536x752.jpg 1536w, http:\/\/ewjirds.cluster100.hosting.ovh.net\/wp-content\/uploads\/2025\/09\/villandraut-chateau1-2048x1003.jpg 2048w\" sizes=\"auto, (max-width: 1024px) 100vw, 1024px\" \/><\/figure>\n","protected":false},"excerpt":{"rendered":"<p>Les derni\u00e8res v\u00e9rifications avant envoi Avant d&rsquo;envoyer mon dossier, je m&rsquo;assure : 1 &#8211; qu&rsquo;il est enregistr\u00e9 selon la nomenclature suivante : Etablissement_classe (soit par exemple&nbsp;: JulesFerry_5A ou OlympedeGouge_ClassePatrimoine) 2&hellip;<\/p>\n","protected":false},"author":1,"featured_media":0,"parent":0,"menu_order":0,"comment_status":"closed","ping_status":"closed","template":"","meta":{"footnotes":""},"class_list":["post-123","page","type-page","status-publish","hentry"],"_links":{"self":[{"href":"http:\/\/ewjirds.cluster100.hosting.ovh.net\/index.php\/wp-json\/wp\/v2\/pages\/123","targetHints":{"allow":["GET"]}}],"collection":[{"href":"http:\/\/ewjirds.cluster100.hosting.ovh.net\/index.php\/wp-json\/wp\/v2\/pages"}],"about":[{"href":"http:\/\/ewjirds.cluster100.hosting.ovh.net\/index.php\/wp-json\/wp\/v2\/types\/page"}],"author":[{"embeddable":true,"href":"http:\/\/ewjirds.cluster100.hosting.ovh.net\/index.php\/wp-json\/wp\/v2\/users\/1"}],"replies":[{"embeddable":true,"href":"http:\/\/ewjirds.cluster100.hosting.ovh.net\/index.php\/wp-json\/wp\/v2\/comments?post=123"}],"version-history":[{"count":4,"href":"http:\/\/ewjirds.cluster100.hosting.ovh.net\/index.php\/wp-json\/wp\/v2\/pages\/123\/revisions"}],"predecessor-version":[{"id":219,"href":"http:\/\/ewjirds.cluster100.hosting.ovh.net\/index.php\/wp-json\/wp\/v2\/pages\/123\/revisions\/219"}],"wp:attachment":[{"href":"http:\/\/ewjirds.cluster100.hosting.ovh.net\/index.php\/wp-json\/wp\/v2\/media?parent=123"}],"curies":[{"name":"wp","href":"https:\/\/api.w.org\/{rel}","templated":true}]}}